{"id":159,"date":"2017-11-03T11:31:08","date_gmt":"2017-11-03T10:31:08","guid":{"rendered":"http:\/\/valentin-dareous.fr\/?page_id=159"},"modified":"2022-06-30T16:10:05","modified_gmt":"2022-06-30T14:10:05","slug":"nightmaze","status":"publish","type":"page","link":"https:\/\/valentin-dareous.fr\/?page_id=159","title":{"rendered":"NightMaze"},"content":{"rendered":"<div style=\"text-indent:30px;\">\n<h1>NightMaze<\/h1>\n<\/div>\n<div style=\"text-indent:30px;\">\n\t\t<span>NightMaze est un jeu en vue \u00e0 la premiere personne dans lequel vous incarnez Peter. Peter est un enfant de 12 ans vivant dans l&rsquo;internat de Thornwood, dans les ann\u00e9es 80.<\/span><\/div>\n<div style=\"text-indent:30px;\">\n\t\t<span>Un jour il se r\u00e9veille et d\u00e9couvre que son meilleur ami a disparu, il part \u00e0 sa recherche et d\u00e9couvre que l\u2019\u00e9tablissement est hant\u00e9 par des monstres qui cherchent \u00e0 s\u2019emparer de lui.<\/span><\/div>\n<div style=\"text-indent:30px;\">\n<h1>Programmation<\/h1>\n<\/div>\n<div>\n\t\t<span> &#8211; Mise en place d&rsquo;un QTE (Quick Time Event) sur la vitesse de respiration de Peter lorsqu&rsquo;il est dans un casier pour se cacher.<\/span><br \/>\n<span> &#8211; Mise en place d&rsquo;un QTE (Quick Time Event) pour \u00eatre relach\u00e9 par le Populeux une fois attrapp\u00e9 par celui-ci.<\/span><br \/>\n<span> &#8211; M\u00e9canisme d&rsquo;ouverture des grilles d&rsquo;a\u00e9ration pour pouvoir circuler \u00e0 l&rsquo;interieur.<\/span><br \/>\n<span> &#8211; Mise en place des diff\u00e9rentes IA (intelligence Artificielle) des diff\u00e9rents personnages.<\/span><br \/>\n<span> &#8211; Utilisation possible d&rsquo;une loupe sur les plans d&rsquo;\u00e9vacuation pour faire appara\u00eetre la position des ennemies pr\u00e9sents dans les couloirs de l&rsquo;\u00e9cole.<\/span><br \/>\n<span> &#8211; Mise en place d&rsquo;un portail permettant la t\u00e9l\u00e9portation de Peter, d&rsquo;un b\u00e9ant \u00e0 l&rsquo;autre (d&rsquo;une aile \u00e0 l&rsquo;autre de l&rsquo;\u00e9cole).<\/span><br \/>\n<span> &#8211; Interaction possible avec diff\u00e9rents objets (disquettes r\u00e9cup\u00e9rables, ordinateur avec navigation sur diff\u00e9rentes pages possible, ouverture de portes, ouverture de cadenas, etc&#8230;<\/span><br \/>\n<span> &#8211; Int\u00e9gration des sons en partenariat avec les Sound Designer<\/span><\/div>\n<div style=\"text-indent:30px;\">\n<h1>Trailer<\/h1>\n<\/div>\n<div style=\"width:100%\">\n\t\t<video controls=\"\" controlslist=\"nodownload\" src=\"https:\/\/valentin-dareous.fr\/Videos\/NightMaze_trailer.mp4\"><\/video><\/div>\n<div style=\"text-indent:30px;\">\n<h1>Annexes<\/h1>\n<\/div>\n<div style=\"text-indent:30px; text-decoration:none;\">\n\t\t<span>Vous pouvez trouver plus de d\u00e9tails sur chaque m\u00e9canique, sur les parties graphiques et sonores, en consultant le Game Design Document ci-dessous.<\/span><\/p>\n<div style=\"text-align:center;\">\n\t\t\t<a href=\"https:\/\/valentin-dareous.fr\/PDF\/Nightmaze.pdf\" alt=\"GDD\" style=\"text-decoration: none;\">Game Design Document<\/a><\/div>\n<\/div>\n<div style=\"text-indent:30px; text-decoration:none;\">\n\t\t<span>Vous pouvez \u00e9galement t\u00e9l\u00e9charger une version ex\u00e9cutable de NightMaze<\/span><\/p>\n<div style=\"text-align:center;\">\n\t\t\t<a href=\"https:\/\/valentin-dareous.fr\/Builds\/NightMaze.rar\">NightMaze.exe<\/a><\/div>\n<\/div>\n","protected":false},"excerpt":{"rendered":"<p>NightMaze NightMaze est un jeu en vue \u00e0 la premiere personne dans lequel vous incarnez Peter. Peter est un enfant de 12 ans vivant dans l&rsquo;internat de Thornwood, dans les ann\u00e9es 80. Un jour il se r\u00e9veille et d\u00e9couvre que son meilleur ami a disparu, il part \u00e0 sa recherche et d\u00e9couvre que l\u2019\u00e9tablissement est &hellip; <\/p>\n<p class=\"link-more\"><a href=\"https:\/\/valentin-dareous.fr\/?page_id=159\" class=\"more-link\">Continuer la lecture<span class=\"screen-reader-text\"> de &laquo;&nbsp;NightMaze&nbsp;&raquo;<\/span><\/a><\/p>\n","protected":false},"author":1,"featured_media":0,"parent":0,"menu_order":0,"comment_status":"closed","ping_status":"closed","template":"","meta":{"ngg_post_thumbnail":0,"footnotes":""},"class_list":["post-159","page","type-page","status-publish","hentry"],"_links":{"self":[{"href":"https:\/\/valentin-dareous.fr\/index.php?rest_route=\/wp\/v2\/pages\/159","targetHints":{"allow":["GET"]}}],"collection":[{"href":"https:\/\/valentin-dareous.fr\/index.php?rest_route=\/wp\/v2\/pages"}],"about":[{"href":"https:\/\/valentin-dareous.fr\/index.php?rest_route=\/wp\/v2\/types\/page"}],"author":[{"embeddable":true,"href":"https:\/\/valentin-dareous.fr\/index.php?rest_route=\/wp\/v2\/users\/1"}],"replies":[{"embeddable":true,"href":"https:\/\/valentin-dareous.fr\/index.php?rest_route=%2Fwp%2Fv2%2Fcomments&post=159"}],"version-history":[{"count":42,"href":"https:\/\/valentin-dareous.fr\/index.php?rest_route=\/wp\/v2\/pages\/159\/revisions"}],"predecessor-version":[{"id":612,"href":"https:\/\/valentin-dareous.fr\/index.php?rest_route=\/wp\/v2\/pages\/159\/revisions\/612"}],"wp:attachment":[{"href":"https:\/\/valentin-dareous.fr\/index.php?rest_route=%2Fwp%2Fv2%2Fmedia&parent=159"}],"curies":[{"name":"wp","href":"https:\/\/api.w.org\/{rel}","templated":true}]}}