{"id":279,"date":"2018-11-17T23:01:07","date_gmt":"2018-11-17T22:01:07","guid":{"rendered":"http:\/\/valentin-dareous.fr\/?page_id=279"},"modified":"2019-01-03T22:55:48","modified_gmt":"2019-01-03T21:55:48","slug":"zombies","status":"publish","type":"page","link":"https:\/\/valentin-dareous.fr\/?page_id=279","title":{"rendered":"Zombies"},"content":{"rendered":"<div style=\"text-indent: 30px;\">\n<h1>Zombies<\/h1>\n<\/div>\n<div style=\"text-indent: 30px;\">Ce jeu est inspir\u00e9 du mode zombie de Call of duty. R\u00e9alis\u00e9 en un mois sur Unreal Engine.<\/div>\n<div>&nbsp;<\/div>\n<div style=\"text-indent: 30px;\">\n<h1>Programmation<\/h1>\n<\/div>\n<div>&#8211; Gestion des manches, gestion de la difficult\u00e9 des manches.<br \/>\n&#8211; Multiples endroits d&rsquo;apparition de zombies sur la sc\u00e8ne en diff\u00e9r\u00e9.<br \/>\n&#8211; Le nombre de zombies qui apparaissent est diff\u00e9rent en fonction de la manche en cours.<br \/>\n&#8211; Gestion des animations du joueur et des zombies.<br \/>\n&#8211; Cr\u00e9ation d&rsquo;une intelligence artificielle basique pour les zombies.<br \/>\n&#8211; Apparition de caisses de munitions possible (dur\u00e9e entre deux \u00ab\u00a0spawn\u00a0\u00bb de munitions al\u00e9atoire). R\u00e9cup\u00e9ration de celle-ci en la \u00ab\u00a0touchant\u00a0\u00bb avant sa destruction<br \/>\n&#8211; Gestion des d\u00e9gats sur le joueur (visible sur la vie du joueur), gestion des d\u00e9gats sur les zombies (animation d&rsquo;impact).<br \/>\n&#8211; Changement d&rsquo;armes du joueur.<\/div>\n<p>&nbsp;<\/p>\n<div style=\"text-indent: 30px;\">\n<h1>&nbsp;<\/h1>\n<p>&nbsp;<\/p>\n<\/div>\n<p>&nbsp;<\/p>\n<div style=\"width: 100%;\">&nbsp;<\/div>\n<p>&nbsp;<\/p>\n","protected":false},"excerpt":{"rendered":"<p>Zombies Ce jeu est inspir\u00e9 du mode zombie de Call of duty. R\u00e9alis\u00e9 en un mois sur Unreal Engine. &nbsp; Programmation &#8211; Gestion des manches, gestion de la difficult\u00e9 des manches. &#8211; Multiples endroits d&rsquo;apparition de zombies sur la sc\u00e8ne en diff\u00e9r\u00e9. &#8211; Le nombre de zombies qui apparaissent est diff\u00e9rent en fonction de la &hellip; <\/p>\n<p class=\"link-more\"><a href=\"https:\/\/valentin-dareous.fr\/?page_id=279\" class=\"more-link\">Continuer la lecture<span class=\"screen-reader-text\"> de &laquo;&nbsp;Zombies&nbsp;&raquo;<\/span><\/a><\/p>\n","protected":false},"author":1,"featured_media":0,"parent":0,"menu_order":0,"comment_status":"closed","ping_status":"closed","template":"","meta":{"ngg_post_thumbnail":0,"footnotes":""},"class_list":["post-279","page","type-page","status-publish","hentry"],"_links":{"self":[{"href":"https:\/\/valentin-dareous.fr\/index.php?rest_route=\/wp\/v2\/pages\/279","targetHints":{"allow":["GET"]}}],"collection":[{"href":"https:\/\/valentin-dareous.fr\/index.php?rest_route=\/wp\/v2\/pages"}],"about":[{"href":"https:\/\/valentin-dareous.fr\/index.php?rest_route=\/wp\/v2\/types\/page"}],"author":[{"embeddable":true,"href":"https:\/\/valentin-dareous.fr\/index.php?rest_route=\/wp\/v2\/users\/1"}],"replies":[{"embeddable":true,"href":"https:\/\/valentin-dareous.fr\/index.php?rest_route=%2Fwp%2Fv2%2Fcomments&post=279"}],"version-history":[{"count":16,"href":"https:\/\/valentin-dareous.fr\/index.php?rest_route=\/wp\/v2\/pages\/279\/revisions"}],"predecessor-version":[{"id":447,"href":"https:\/\/valentin-dareous.fr\/index.php?rest_route=\/wp\/v2\/pages\/279\/revisions\/447"}],"wp:attachment":[{"href":"https:\/\/valentin-dareous.fr\/index.php?rest_route=%2Fwp%2Fv2%2Fmedia&parent=279"}],"curies":[{"name":"wp","href":"https:\/\/api.w.org\/{rel}","templated":true}]}}