{"id":335,"date":"2018-11-21T21:46:20","date_gmt":"2018-11-21T20:46:20","guid":{"rendered":"http:\/\/valentin-dareous.fr\/?page_id=335"},"modified":"2022-06-30T16:06:06","modified_gmt":"2022-06-30T14:06:06","slug":"fastlane","status":"publish","type":"page","link":"https:\/\/valentin-dareous.fr\/?page_id=335","title":{"rendered":"FastLane"},"content":{"rendered":"<p>&nbsp;<\/p>\n<div style=\"text-indent: 30px;\">\n<h1>FastLane<\/h1>\n<\/div>\n<div style=\"text-indent: 30px;\">FastLane est un prototype de jeu de voiture bas\u00e9 sur le jeu TrackMania. Il a \u00e9t\u00e9 r\u00e9alis\u00e9 en une semaine sur Unity pour apprendre \u00e0 utiliser le moteur de jeu. En partenariat avec les Games 1<\/div>\n<div>&nbsp;<\/div>\n<div style=\"text-indent: 30px;\">\n<h1>Programmation<\/h1>\n<\/div>\n<div>&#8211; Impl\u00e9mentation de diff\u00e9rents \u00ab\u00a0modules\u00a0\u00bb pour la cr\u00e9ation de carte(s) (acc\u00e9l\u00e9ration, freinage du v\u00e9hicule, saut, roue libre, contr\u00f4les invers\u00e9s).<br \/>\n&#8211; Cr\u00e9ation des checkpoints.<br \/>\n&#8211; Cr\u00e9ation du d\u00e9part et de l&rsquo;arriv\u00e9e avec v\u00e9rification si le joueur est bien pass\u00e9 par tous les checkpoints.<br \/>\n&#8211; Mise en place d&rsquo;une physique de v\u00e9hicule adapt\u00e9e au jeu.<br \/>\n&#8211; Mise en place d&rsquo;un menu.<br \/>\n&#8211; Choix entre deux modes. Le premier classique, est une course chronom\u00e9tr\u00e9e, le second un mode \u00ab\u00a0Tron\u00a0\u00bb dans lequel, en \u00e9crans scind\u00e9s, il est possible de jouer \u00e0 plusieurs. Le but dans ce mode de jeu est de \u00ab\u00a0toucher\u00a0\u00bb un autre joueur avec une tra\u00een\u00e9e que nous laissons derri\u00e8re nous en nous d\u00e9pla\u00e7ant.<br \/>\n&#8211; Mise en place d&rsquo;un classement, ind\u00e9pendant par map, sur le meilleur temps.<br \/>\n&#8211; Choix possible entre diff\u00e9rentes apparences de voiture (Venom, Monster, Mexicaine, &#8230;)<br \/>\n&#8211; Int\u00e9gration des sons en partenariat avec les Sounds Designer<\/div>\n<div>&nbsp;<\/div>\n<div style=\"text-indent: 30px;\">\n<h1>Annexes<\/h1>\n<\/div>\n<div style=\"text-indent: 30px; text-decoration: none;\">Vous pouvez \u00e9galement t\u00e9l\u00e9charger une version ex\u00e9cutable de FastLane&nbsp;&nbsp;<\/p>\n<div style=\"text-align: center;\"><a href=\"https:\/\/valentin-dareous.fr\/Builds\/FastLane.rar\">FastLane.exe<\/a><\/div>\n<p>&nbsp;<\/p>\n<\/div>\n<p>&nbsp;<\/p>\n","protected":false},"excerpt":{"rendered":"<p>&nbsp; FastLane FastLane est un prototype de jeu de voiture bas\u00e9 sur le jeu TrackMania. Il a \u00e9t\u00e9 r\u00e9alis\u00e9 en une semaine sur Unity pour apprendre \u00e0 utiliser le moteur de jeu. En partenariat avec les Games 1 &nbsp; Programmation &#8211; Impl\u00e9mentation de diff\u00e9rents \u00ab\u00a0modules\u00a0\u00bb pour la cr\u00e9ation de carte(s) (acc\u00e9l\u00e9ration, freinage du v\u00e9hicule, saut, &hellip; <\/p>\n<p class=\"link-more\"><a href=\"https:\/\/valentin-dareous.fr\/?page_id=335\" class=\"more-link\">Continuer la lecture<span class=\"screen-reader-text\"> de &laquo;&nbsp;FastLane&nbsp;&raquo;<\/span><\/a><\/p>\n","protected":false},"author":1,"featured_media":0,"parent":0,"menu_order":0,"comment_status":"closed","ping_status":"closed","template":"","meta":{"ngg_post_thumbnail":0,"footnotes":""},"class_list":["post-335","page","type-page","status-publish","hentry"],"_links":{"self":[{"href":"https:\/\/valentin-dareous.fr\/index.php?rest_route=\/wp\/v2\/pages\/335","targetHints":{"allow":["GET"]}}],"collection":[{"href":"https:\/\/valentin-dareous.fr\/index.php?rest_route=\/wp\/v2\/pages"}],"about":[{"href":"https:\/\/valentin-dareous.fr\/index.php?rest_route=\/wp\/v2\/types\/page"}],"author":[{"embeddable":true,"href":"https:\/\/valentin-dareous.fr\/index.php?rest_route=\/wp\/v2\/users\/1"}],"replies":[{"embeddable":true,"href":"https:\/\/valentin-dareous.fr\/index.php?rest_route=%2Fwp%2Fv2%2Fcomments&post=335"}],"version-history":[{"count":20,"href":"https:\/\/valentin-dareous.fr\/index.php?rest_route=\/wp\/v2\/pages\/335\/revisions"}],"predecessor-version":[{"id":606,"href":"https:\/\/valentin-dareous.fr\/index.php?rest_route=\/wp\/v2\/pages\/335\/revisions\/606"}],"wp:attachment":[{"href":"https:\/\/valentin-dareous.fr\/index.php?rest_route=%2Fwp%2Fv2%2Fmedia&parent=335"}],"curies":[{"name":"wp","href":"https:\/\/api.w.org\/{rel}","templated":true}]}}