{"id":361,"date":"2018-12-03T17:35:19","date_gmt":"2018-12-03T16:35:19","guid":{"rendered":"http:\/\/valentin-dareous.fr\/?page_id=361"},"modified":"2022-06-30T16:11:58","modified_gmt":"2022-06-30T14:11:58","slug":"proceduraldonjon","status":"publish","type":"page","link":"https:\/\/valentin-dareous.fr\/?page_id=361","title":{"rendered":"ProceduralDonjon"},"content":{"rendered":"<div style=\"text-indent: 30px;\">\n<h1>ProceduralDonjon<\/h1>\n<\/div>\n<div style=\"text-indent: 30px;\">ProceduralDonjon est un projet dans lequel il est possible de cr\u00e9er proc\u00e9duralement (dynamiquement) un donjon. Au moment du lancement du projet, plusieurs salles sont cr\u00e9\u00e9es et mise \u00e0 cot\u00e9 les unes des autres pour fabriquer plusieurs chemins diff\u00e9rents et ainsi cr\u00e9er un labyrinthe. Au m\u00eame moment les portes sont cr\u00e9\u00e9s entre chaque salles. Une salle finale est \u00e9galement cr\u00e9\u00e9e. Elle se trouve forc\u00e9ment \u00e0 la fin d&rsquo;un chemin. Elle poss\u00e8de donc uniquement une porte.<\/div>\n<div>&nbsp;<\/div>\n<div style=\"text-indent: 30px;\">\n<h1>Programmation<\/h1>\n<\/div>\n<div>&#8211; Cr\u00e9ation de la salle.<br \/>\n&#8211; Cr\u00e9ation de chemins totalement al\u00e9atoires.<br \/>\n&#8211; Disposition al\u00e9atoire d&rsquo;objets dans la salle (tonneaux, caisses, lanternes) .<br \/>\n&#8211; Modification de la salle pour mettre des portes si elle est en contact avec une autre salle.<br \/>\n&#8211; Activation des torches pr\u00e9sentes dans la salle si le joueur est dedans et extinction quand il en sort.<br \/>\n&#8211; Ouverture des porte quand le joueur s&rsquo;en approche.<br \/>\n&#8211; Mise en place de la \u00ab\u00a0salle du bosse\u00a0\u00bb \u00e0 l&rsquo;extr\u00e9mit\u00e9 d&rsquo;un chemin et en contact avec une seule salle (une seule porte d&rsquo;acc\u00e8s \u00e0 cette salle).<\/div>\n<div>&nbsp;<\/div>\n<div style=\"text-indent: 30px;\">\n<h1>Vid\u00e9o de d\u00e9monstration<\/h1>\n<\/div>\n<div style=\"width: 100%;\"><video src=\"https:\/\/valentin-dareous.fr\/Videos\/ProceduralDonjon.mp4\" controls=\"controls\" width=\"300\" height=\"150\"><\/video><\/div>\n<div>&nbsp;<\/div>\n<div style=\"text-indent: 30px;\">\n<h1>MarketPlace Unreal Engine<\/h1>\n<\/div>\n<div style=\"text-align: center;\"><a style=\"text-decoration: none;\" href=\"https:\/\/www.unrealengine.com\/marketplace\/en-US\/slug\/procedural-dungeon-3d\" target=\"_blank\" rel=\"noopener noreferrer\">Procedural Dungeon 3D<\/a><\/div>\n","protected":false},"excerpt":{"rendered":"<p>ProceduralDonjon ProceduralDonjon est un projet dans lequel il est possible de cr\u00e9er proc\u00e9duralement (dynamiquement) un donjon. Au moment du lancement du projet, plusieurs salles sont cr\u00e9\u00e9es et mise \u00e0 cot\u00e9 les unes des autres pour fabriquer plusieurs chemins diff\u00e9rents et ainsi cr\u00e9er un labyrinthe. Au m\u00eame moment les portes sont cr\u00e9\u00e9s entre chaque salles. Une &hellip; <\/p>\n<p class=\"link-more\"><a href=\"https:\/\/valentin-dareous.fr\/?page_id=361\" class=\"more-link\">Continuer la lecture<span class=\"screen-reader-text\"> de &laquo;&nbsp;ProceduralDonjon&nbsp;&raquo;<\/span><\/a><\/p>\n","protected":false},"author":1,"featured_media":0,"parent":0,"menu_order":0,"comment_status":"closed","ping_status":"closed","template":"","meta":{"ngg_post_thumbnail":0,"footnotes":""},"class_list":["post-361","page","type-page","status-publish","hentry"],"_links":{"self":[{"href":"https:\/\/valentin-dareous.fr\/index.php?rest_route=\/wp\/v2\/pages\/361","targetHints":{"allow":["GET"]}}],"collection":[{"href":"https:\/\/valentin-dareous.fr\/index.php?rest_route=\/wp\/v2\/pages"}],"about":[{"href":"https:\/\/valentin-dareous.fr\/index.php?rest_route=\/wp\/v2\/types\/page"}],"author":[{"embeddable":true,"href":"https:\/\/valentin-dareous.fr\/index.php?rest_route=\/wp\/v2\/users\/1"}],"replies":[{"embeddable":true,"href":"https:\/\/valentin-dareous.fr\/index.php?rest_route=%2Fwp%2Fv2%2Fcomments&post=361"}],"version-history":[{"count":21,"href":"https:\/\/valentin-dareous.fr\/index.php?rest_route=\/wp\/v2\/pages\/361\/revisions"}],"predecessor-version":[{"id":614,"href":"https:\/\/valentin-dareous.fr\/index.php?rest_route=\/wp\/v2\/pages\/361\/revisions\/614"}],"wp:attachment":[{"href":"https:\/\/valentin-dareous.fr\/index.php?rest_route=%2Fwp%2Fv2%2Fmedia&parent=361"}],"curies":[{"name":"wp","href":"https:\/\/api.w.org\/{rel}","templated":true}]}}