{"id":456,"date":"2019-08-02T18:55:39","date_gmt":"2019-08-02T16:55:39","guid":{"rendered":"http:\/\/valentin-dareous.fr\/?page_id=456"},"modified":"2022-06-30T16:07:57","modified_gmt":"2022-06-30T14:07:57","slug":"kosmogon","status":"publish","type":"page","link":"https:\/\/valentin-dareous.fr\/?page_id=456","title":{"rendered":"Kosmogon"},"content":{"rendered":"<div style=\"text-indent: 30px;\">\n<h1>Kosmogon<\/h1>\n<\/div>\n<div style=\"text-indent: 30px;\">Kosmogon est un jeu vid\u00e9o en r\u00e9seau dans lequel deux joueurs utilisent des cartes pour influer sur une ville scind\u00e9e en deux par une faille.<\/div>\n<div style=\"text-indent: 30px;\">Chaque joueur doit vaincre son adversaire en utilisant ses cartes, pour prendre le contr\u00f4le de l&rsquo;Humanit\u00e9.<\/div>\n<div style=\"text-indent: 30px;\">\n<h1>Programmation<\/h1>\n<\/div>\n<div>\n\t<span> &#8211; Mise en place d&rsquo;une interface de cr\u00e9ation de compte.<\/span><br \/>\n<span> &#8211; Mise en place d&rsquo;une interface de connexion.<\/span><br \/>\n<span> &#8211; Mise en place d&rsquo;un syst\u00e8me de recup\u00e9ration de mot de passe.<\/span><br \/>\n<span> &#8211; Cr\u00e9ation d&rsquo;une base de donn\u00e9es adapt\u00e9e aux besoins du projet et s\u00e9curis\u00e9e.<\/span><br \/>\n<span> &#8211; Cr\u00e9ation de plusieurs scipts PHP pour \u00e9ffectuer la liaison entre Unreal Engine et la base de donn\u00e9es.<\/span><br \/>\n<span> &#8211; Mise en place d&rsquo;un syst\u00e8me pour trouver un adversaire en fonction de la faction choisi par le joueur.<\/span><br \/>\n<span> &#8211; Mise en place d&rsquo;une verification sur le serveur pour ne pas \u00eatre plus de deux joueurs.<\/span><br \/>\n<span> &#8211; En cas de \u00ab\u00a0kick\u00a0\u00bb par le serveur le joueur n&rsquo;a rien \u00e0 faire la recherche de partie s&rsquo;effectue automatiquement.<\/span><br \/>\n<span> &#8211; Placement des joueurs au bon endroit au lancement de la partie en fonction de leur faction.<\/span><br \/>\n<span> &#8211; D\u00e9placements des joueurs autour de la ville.<\/span><br \/>\n<span> &#8211; Lancement des effets de cartes \u00e0 partir du serveur pour etre visible par les deux joueurs (effets de particules ou effets sp\u00e9ciaux).<\/span><br \/>\n<span> &#8211; Pr\u00e9visualition sur les barres du tour de jeu (uniquement visible par le joueur).<\/span><br \/>\n<span> &#8211; Evolution des diff\u00e9rentes barres \u00e0 la fin d&rsquo;un tour de jeu.<\/span><br \/>\n<span> &#8211; Mise en place d&rsquo;un syst\u00e8me de \u00ab\u00a0Jour\/Nuit\u00a0\u00bb.<\/span><br \/>\n<span> &#8211; R\u00e9plication de certaines informations pour qu&rsquo;elles soient visible par l&rsquo;autre joueur (nombre de cartes).<\/span><br \/>\n<span> &#8211; Int\u00e9gration des sons.<\/span><br \/>\n<span> &#8211; Mise en place d&rsquo;une interface de jeu avec les barres, les informations de l&rsquo;adversaire, un syst\u00e8me pour passer son tour ou simplement le finir (\u00e9tat visible de l&rsquo;aversaire).<\/span><\/div>\n<div style=\"text-indent: 30px;\">\n<h1>Trailer<\/h1>\n<\/div>\n<div style=\"width: 100%;\"><video src=\"https:\/\/valentin-dareous.fr\/Videos\/Kosmogon.mp4\" controls=\"controls\" width=\"300\" height=\"150\"><\/video><\/div>\n<div style=\"text-indent: 30px;\">\n<h1>Annexes<\/h1>\n<\/div>\n<div style=\"text-indent: 30px; text-decoration: none;\">Vous pouvez trouver plus de d\u00e9tails sur chaque m\u00e9canique, sur les parties graphiques et sonores, en consultant le Game Design Document ci-dessous.<\/p>\n<div style=\"text-align: center;\"><a style=\"text-decoration: none;\" href=\"https:\/\/valentin-dareous.fr\/PDF\/Kosmogon.pdf\">Game Design Document<\/a><\/div>\n<\/div>\n<div>&nbsp;<\/div>\n<div style=\"text-indent: 30px; text-decoration: none;\">La version ex\u00e9cutable n&rsquo;est malheureusement pas jouable car n\u00e9cessite un serveur sur lequel mettre la base de donn\u00e9es ainsi que les scripts PHP pour la gestion des comptes.<\/div>\n","protected":false},"excerpt":{"rendered":"<p>Kosmogon Kosmogon est un jeu vid\u00e9o en r\u00e9seau dans lequel deux joueurs utilisent des cartes pour influer sur une ville scind\u00e9e en deux par une faille. Chaque joueur doit vaincre son adversaire en utilisant ses cartes, pour prendre le contr\u00f4le de l&rsquo;Humanit\u00e9. Programmation &#8211; Mise en place d&rsquo;une interface de cr\u00e9ation de compte. &#8211; Mise &hellip; <\/p>\n<p class=\"link-more\"><a href=\"https:\/\/valentin-dareous.fr\/?page_id=456\" class=\"more-link\">Continuer la lecture<span class=\"screen-reader-text\"> de &laquo;&nbsp;Kosmogon&nbsp;&raquo;<\/span><\/a><\/p>\n","protected":false},"author":1,"featured_media":0,"parent":0,"menu_order":0,"comment_status":"closed","ping_status":"closed","template":"","meta":{"ngg_post_thumbnail":0,"footnotes":""},"class_list":["post-456","page","type-page","status-publish","hentry"],"_links":{"self":[{"href":"https:\/\/valentin-dareous.fr\/index.php?rest_route=\/wp\/v2\/pages\/456","targetHints":{"allow":["GET"]}}],"collection":[{"href":"https:\/\/valentin-dareous.fr\/index.php?rest_route=\/wp\/v2\/pages"}],"about":[{"href":"https:\/\/valentin-dareous.fr\/index.php?rest_route=\/wp\/v2\/types\/page"}],"author":[{"embeddable":true,"href":"https:\/\/valentin-dareous.fr\/index.php?rest_route=\/wp\/v2\/users\/1"}],"replies":[{"embeddable":true,"href":"https:\/\/valentin-dareous.fr\/index.php?rest_route=%2Fwp%2Fv2%2Fcomments&post=456"}],"version-history":[{"count":11,"href":"https:\/\/valentin-dareous.fr\/index.php?rest_route=\/wp\/v2\/pages\/456\/revisions"}],"predecessor-version":[{"id":609,"href":"https:\/\/valentin-dareous.fr\/index.php?rest_route=\/wp\/v2\/pages\/456\/revisions\/609"}],"wp:attachment":[{"href":"https:\/\/valentin-dareous.fr\/index.php?rest_route=%2Fwp%2Fv2%2Fmedia&parent=456"}],"curies":[{"name":"wp","href":"https:\/\/api.w.org\/{rel}","templated":true}]}}