{"id":513,"date":"2020-04-26T14:47:52","date_gmt":"2020-04-26T12:47:52","guid":{"rendered":"http:\/\/valentin-dareous.fr\/?page_id=513"},"modified":"2022-06-30T16:09:35","modified_gmt":"2022-06-30T14:09:35","slug":"mib-men-in-blackout","status":"publish","type":"page","link":"https:\/\/valentin-dareous.fr\/?page_id=513","title":{"rendered":"MIB Men In Blackout"},"content":{"rendered":"<div style=\"text-indent: 30px;\">\n<h1>MIB Men In Blackout<\/h1>\n<\/div>\n<div style=\"text-indent: 30px;\">A son r\u00e9veil, Hansel.M trouve autour de lui, son t\u00e9l\u00e9phone, les cl\u00e9s de chez lui et un dessous de verre portant le nom d\u2019un bar : le Ritchie\u2019s. Le jeu consiste \u00e0 rentrer \u00e0 la maison, mais avant Hansel.M va devoir comprendre ce qu\u2019il s\u2019est pass\u00e9 pendant sa soir\u00e9e gr\u00e2ce \u00e0 des objets\/indices donn\u00e9s au fur et \u00e0 mesure du jeu en explorant les points d\u2019int\u00e9r\u00eat.<\/div>\n<div style=\"text-indent: 30px;\">\n<h1>Programmation<\/h1>\n<\/div>\n<div>&#8211; Cin\u00e9matique d&rsquo;introduction.<br \/>\n&#8211; Mise en place d&rsquo;une vision \u00ab\u00a0flout\u00e9e\u00a0\u00bb.<br \/>\n&#8211; D\u00e9placement chaotique du personnage, celui-ci ne va pas exactement l\u00e0 o\u00f9 le joueur a cliqu\u00e9 pour reproduire le d\u00e9placement d&rsquo;une personne en \u00e9tat d&rsquo;\u00e9bri\u00e9t\u00e9.<br \/>\n&#8211; Mise en place d&rsquo;objets \u00e0 ramasser.<br \/>\n&#8211; Cr\u00e9ation d&rsquo;un jeu de fl\u00e9chette si le personnage rentre dans un bar. La Vis\u00e9e s\u2019effectue gr\u00e2ce \u00e0 la souris mais il y a mouvement autour de celle ci qui rend le jeu impossible.<br \/>\n&#8211; Utilisation d&rsquo;un t\u00e9l\u00e9phone avec d\u00e9calage des touches (le chiffre 2 n&rsquo;affichera pas 2 sur l&rsquo;\u00e9cran du t\u00e9l\u00e9phone).<br \/>\n&#8211; Mini jeu pour rentrer la cl\u00e9 dans la serrure.<br \/>\n&#8211; Cr\u00e9ation d&rsquo;interface pour le dialogue entre le personnage et les diff\u00e9rents points de passages pour donner des informations au joueur.<br \/>\n&#8211; Int\u00e9gration des sons.<br \/>\n&#8211; Cin\u00e9matique de fin.&nbsp;<\/p>\n<div style=\"text-indent: 30px;\">\n<h1>Trailer<\/h1>\n<\/div>\n<div style=\"width: 100%;\"><video src=\"https:\/\/valentin-dareous.fr\/Videos\/IntroMIB.mp4\" controls=\"controls\" width=\"300\" height=\"150\"><\/video><\/div>\n<div style=\"text-indent: 30px;\">\n<h1>Annexes<\/h1>\n<\/div>\n<div style=\"text-indent: 30px; text-decoration: none;\">\n<div style=\"text-align: center;\"><a style=\"text-decoration: none;\" href=\"https:\/\/globalgamejam.org\/2019\/games\/mib-man-blackout\">Global Game Jam 2019<\/a><\/div>\n<\/div>\n<p>&nbsp;<\/p>\n<div style=\"text-indent: 30px; text-decoration: none;\">Vous pouvez \u00e9galement t\u00e9l\u00e9charger une version ex\u00e9cutable de MIB Men In Blackout&nbsp;<\/p>\n<div style=\"text-align: center;\"><a href=\"https:\/\/valentin-dareous.fr\/Builds\/MIB.rar\">MIB.exe<\/a><\/div>\n<\/div>\n<\/div>\n","protected":false},"excerpt":{"rendered":"<p>MIB Men In Blackout A son r\u00e9veil, Hansel.M trouve autour de lui, son t\u00e9l\u00e9phone, les cl\u00e9s de chez lui et un dessous de verre portant le nom d\u2019un bar : le Ritchie\u2019s. Le jeu consiste \u00e0 rentrer \u00e0 la maison, mais avant Hansel.M va devoir comprendre ce qu\u2019il s\u2019est pass\u00e9 pendant sa soir\u00e9e gr\u00e2ce \u00e0 &hellip; <\/p>\n<p class=\"link-more\"><a href=\"https:\/\/valentin-dareous.fr\/?page_id=513\" class=\"more-link\">Continuer la lecture<span class=\"screen-reader-text\"> de &laquo;&nbsp;MIB Men In Blackout&nbsp;&raquo;<\/span><\/a><\/p>\n","protected":false},"author":1,"featured_media":0,"parent":0,"menu_order":0,"comment_status":"closed","ping_status":"closed","template":"","meta":{"ngg_post_thumbnail":0,"footnotes":""},"class_list":["post-513","page","type-page","status-publish","hentry"],"_links":{"self":[{"href":"https:\/\/valentin-dareous.fr\/index.php?rest_route=\/wp\/v2\/pages\/513","targetHints":{"allow":["GET"]}}],"collection":[{"href":"https:\/\/valentin-dareous.fr\/index.php?rest_route=\/wp\/v2\/pages"}],"about":[{"href":"https:\/\/valentin-dareous.fr\/index.php?rest_route=\/wp\/v2\/types\/page"}],"author":[{"embeddable":true,"href":"https:\/\/valentin-dareous.fr\/index.php?rest_route=\/wp\/v2\/users\/1"}],"replies":[{"embeddable":true,"href":"https:\/\/valentin-dareous.fr\/index.php?rest_route=%2Fwp%2Fv2%2Fcomments&post=513"}],"version-history":[{"count":11,"href":"https:\/\/valentin-dareous.fr\/index.php?rest_route=\/wp\/v2\/pages\/513\/revisions"}],"predecessor-version":[{"id":611,"href":"https:\/\/valentin-dareous.fr\/index.php?rest_route=\/wp\/v2\/pages\/513\/revisions\/611"}],"wp:attachment":[{"href":"https:\/\/valentin-dareous.fr\/index.php?rest_route=%2Fwp%2Fv2%2Fmedia&parent=513"}],"curies":[{"name":"wp","href":"https:\/\/api.w.org\/{rel}","templated":true}]}}