{"id":518,"date":"2020-04-26T15:03:46","date_gmt":"2020-04-26T13:03:46","guid":{"rendered":"http:\/\/valentin-dareous.fr\/?page_id=518"},"modified":"2022-06-30T16:06:23","modified_gmt":"2022-06-30T14:06:23","slug":"god-save-the-ship","status":"publish","type":"page","link":"https:\/\/valentin-dareous.fr\/?page_id=518","title":{"rendered":"God Save The Ship"},"content":{"rendered":"<div style=\"text-indent: 30px;\">\n<h1>God Save The Ship<\/h1>\n<\/div>\n<div style=\"text-indent: 30px;\">Le but de ce jeu est de r\u00e9parer le plus rapidement possible le vaisseau l\u00e0, o\u00f9 les joueurs se trouvent.<\/div>\n<div style=\"text-indent: 30px;\">\n<h1>Programmation<\/h1>\n<\/div>\n<div>&#8211; Mise en place d&rsquo;un menu avec une option pour la gestion du son.<br \/>\n&#8211; S\u00e9lection du personnage dans le jeu en fonction du nombre de joueurs.<br \/>\n&#8211; S\u00e9paration de l\u2019\u00e9cran dans le cas o\u00f9 les joueurs sont trop \u00e9loignes les uns des autres pour utiliser une seule cam\u00e9ra.<br \/>\n&#8211; Mise en place d&rsquo;objets \u00ab\u00a0utilisables\u00a0\u00bb .<br \/>\n&#8211; Apparition al\u00e9atoire d\u2019\u00e9v\u00e9nements.<br \/>\n&#8211; Plusieurs \u00e9tats possible des objets \u00e0 r\u00e9parer.<br \/>\n&#8211; Capacit\u00e9s sp\u00e9ciales et diff\u00e9rentes pour les 4 personnages.<br \/>\n&#8211; Int\u00e9gration des sons.&nbsp;&nbsp;&nbsp;&nbsp;<\/p>\n<div style=\"text-indent: 30px;\">\n<h1>Gallerie<\/h1>\n<\/div>\n<div style=\"width: 100%;\">&nbsp;<\/div>\n<div style=\"text-indent: 30px;\">\n<h1>Annexes<\/h1>\n<\/div>\n<div style=\"text-indent: 30px; text-decoration: none;\">\n<div style=\"text-align: center;\"><a style=\"text-decoration: none;\" href=\"https:\/\/globalgamejam.org\/2020\/games\/god-save-ship-1\">Global Game Jam 2020<\/a><\/div>\n<\/div>\n<p>&nbsp;<\/p>\n<div style=\"text-indent: 30px; text-decoration: none;\">Vous pouvez \u00e9galement t\u00e9l\u00e9charger une version ex\u00e9cutable de God Save The Ship&nbsp;&nbsp;&nbsp;&nbsp;<\/p>\n<div style=\"text-align: center;\"><a href=\"https:\/\/valentin-dareous.fr\/Builds\/GodSaveTheShip.rar\" data-wplink-edit=\"true\">GodSaveTheShip.exe<\/a><\/div>\n<\/div>\n<\/div>\n","protected":false},"excerpt":{"rendered":"<p>God Save The Ship Le but de ce jeu est de r\u00e9parer le plus rapidement possible le vaisseau l\u00e0, o\u00f9 les joueurs se trouvent. Programmation &#8211; Mise en place d&rsquo;un menu avec une option pour la gestion du son. &#8211; S\u00e9lection du personnage dans le jeu en fonction du nombre de joueurs. &#8211; S\u00e9paration de &hellip; <\/p>\n<p class=\"link-more\"><a href=\"https:\/\/valentin-dareous.fr\/?page_id=518\" class=\"more-link\">Continuer la lecture<span class=\"screen-reader-text\"> de &laquo;&nbsp;God Save The Ship&nbsp;&raquo;<\/span><\/a><\/p>\n","protected":false},"author":1,"featured_media":0,"parent":0,"menu_order":0,"comment_status":"closed","ping_status":"closed","template":"","meta":{"ngg_post_thumbnail":0,"footnotes":""},"class_list":["post-518","page","type-page","status-publish","hentry"],"_links":{"self":[{"href":"https:\/\/valentin-dareous.fr\/index.php?rest_route=\/wp\/v2\/pages\/518","targetHints":{"allow":["GET"]}}],"collection":[{"href":"https:\/\/valentin-dareous.fr\/index.php?rest_route=\/wp\/v2\/pages"}],"about":[{"href":"https:\/\/valentin-dareous.fr\/index.php?rest_route=\/wp\/v2\/types\/page"}],"author":[{"embeddable":true,"href":"https:\/\/valentin-dareous.fr\/index.php?rest_route=\/wp\/v2\/users\/1"}],"replies":[{"embeddable":true,"href":"https:\/\/valentin-dareous.fr\/index.php?rest_route=%2Fwp%2Fv2%2Fcomments&post=518"}],"version-history":[{"count":16,"href":"https:\/\/valentin-dareous.fr\/index.php?rest_route=\/wp\/v2\/pages\/518\/revisions"}],"predecessor-version":[{"id":607,"href":"https:\/\/valentin-dareous.fr\/index.php?rest_route=\/wp\/v2\/pages\/518\/revisions\/607"}],"wp:attachment":[{"href":"https:\/\/valentin-dareous.fr\/index.php?rest_route=%2Fwp%2Fv2%2Fmedia&parent=518"}],"curies":[{"name":"wp","href":"https:\/\/api.w.org\/{rel}","templated":true}]}}