{"id":8,"date":"2017-10-13T20:51:13","date_gmt":"2017-10-13T18:51:13","guid":{"rendered":"http:\/\/valentin-dareous.fr\/?page_id=8"},"modified":"2024-10-24T16:28:04","modified_gmt":"2024-10-24T14:28:04","slug":"a-propos-de","status":"publish","type":"page","link":"https:\/\/valentin-dareous.fr\/?page_id=8","title":{"rendered":"\u00c0 propos de moi"},"content":{"rendered":"<h1><img loading=\"lazy\" decoding=\"async\" class=\"wp-image-570  alignleft\" src=\"https:\/\/valentin-dareous.fr\/wp-content\/uploads\/2020\/10\/20201004_145629-1-scaled-e1601976147176-220x300.jpg\" alt=\"\" width=\"165\" height=\"224\" srcset=\"https:\/\/valentin-dareous.fr\/wp-content\/uploads\/2020\/10\/20201004_145629-1-scaled-e1601976147176-220x300.jpg 220w, https:\/\/valentin-dareous.fr\/wp-content\/uploads\/2020\/10\/20201004_145629-1-scaled-e1601976147176-750x1024.jpg 750w, https:\/\/valentin-dareous.fr\/wp-content\/uploads\/2020\/10\/20201004_145629-1-scaled-e1601976147176-768x1048.jpg 768w, https:\/\/valentin-dareous.fr\/wp-content\/uploads\/2020\/10\/20201004_145629-1-scaled-e1601976147176.jpg 1099w\" sizes=\"auto, (max-width: 165px) 100vw, 165px\" \/><\/h1>\n<p class=\"font_8\">Passionn\u00e9 depuis toujours par l&rsquo;informatique, j&rsquo;ai d\u00e9cid\u00e9 depuis longtemps d&rsquo;en faire mon m\u00e9tier.<\/p>\n<p class=\"font_8\">Dans un premier temps, j&rsquo;ai d\u00e9cid\u00e9 de choisir la branche de la programmation de jeux vid\u00e9o et donc de me perfectionner dans les langages informatiques qui y sont li\u00e9s (C, C++, C#) ainsi que dans leurs logiciels (Visual studio, Unreal Engine, Unity 3D). J&rsquo;ai m\u00eame eu la chance d&rsquo;enseigner pendant deux ans, \u00e0 la fin de mes \u00e9tudes, dans la m\u00eame \u00e9cole o\u00f9 j&rsquo;avais \u00e9t\u00e9 form\u00e9.<\/p>\n<p>Durant toutes ces ann\u00e9es, mon envie d&rsquo;apprendre, de renforcer mes connaissances, d&rsquo;\u00e9voluer est rest\u00e9 le m\u00eame pour travailler dans le domaine informatique. Aujourd&rsquo;hui je souhaiterais changer d&rsquo;orientation, ma formation initiale (BTS SIO avec option SLAM) me permet d&rsquo;avoir de solides bases en programmation WEB et gestion de bases de donn\u00e9es. J&rsquo;ai d\u2019ailleurs pu concevoir et mettre en place moi-m\u00eame ce site web. J&rsquo;ai \u00e9galement mis en place des outils (WEB) pour r\u00e9pondre \u00e0 des besoins personnels ou professionnelles.<\/p>\n<p>Mes autres passions sont le sport et les feux d&rsquo;artifices.<\/p>\n<p>Pour le sport j&rsquo;ai pratiqu\u00e9 le foot d\u00e8s l&rsquo;\u00e2ge de 5 ans. D\u00e8s 13 ans j&rsquo;ai entra\u00een\u00e9 les jeunes de mon club et passer diff\u00e9rents dipl\u00f4mes (JAT et CFF2).<\/p>\n<p>Passionn\u00e9 par les feux d&rsquo;artifices, j&rsquo;ai pu d\u2019ailleurs voir certains des plus beaux d&rsquo;Europe. Depuis peu j&rsquo;ai obtenu mon dipl\u00f4me d&rsquo;artificier. Celui-ci me donne le droit \u00e0 la mise en \u0153uvre et au tir de feux d&rsquo;artifices de diff\u00e9rentes cat\u00e9gories, ce que je fais d\u00e8s que possible.<\/p>\n<p><a style=\"text-decoration: none;\" href=\"https:\/\/valentin-dareous.fr\/PDF\/CV.pdf\">Mon CV<\/a><\/p>\n","protected":false},"excerpt":{"rendered":"<p>Passionn\u00e9 depuis toujours par l&rsquo;informatique, j&rsquo;ai d\u00e9cid\u00e9 depuis longtemps d&rsquo;en faire mon m\u00e9tier. Dans un premier temps, j&rsquo;ai d\u00e9cid\u00e9 de choisir la branche de la programmation de jeux vid\u00e9o et donc de me perfectionner dans les langages informatiques qui y sont li\u00e9s (C, C++, C#) ainsi que dans leurs logiciels (Visual studio, Unreal Engine, Unity &hellip; <\/p>\n<p class=\"link-more\"><a href=\"https:\/\/valentin-dareous.fr\/?page_id=8\" class=\"more-link\">Continuer la lecture<span class=\"screen-reader-text\"> de &laquo;&nbsp;\u00c0 propos de moi&nbsp;&raquo;<\/span><\/a><\/p>\n","protected":false},"author":1,"featured_media":0,"parent":0,"menu_order":0,"comment_status":"closed","ping_status":"closed","template":"","meta":{"ngg_post_thumbnail":0,"footnotes":""},"class_list":["post-8","page","type-page","status-publish","hentry"],"_links":{"self":[{"href":"https:\/\/valentin-dareous.fr\/index.php?rest_route=\/wp\/v2\/pages\/8","targetHints":{"allow":["GET"]}}],"collection":[{"href":"https:\/\/valentin-dareous.fr\/index.php?rest_route=\/wp\/v2\/pages"}],"about":[{"href":"https:\/\/valentin-dareous.fr\/index.php?rest_route=\/wp\/v2\/types\/page"}],"author":[{"embeddable":true,"href":"https:\/\/valentin-dareous.fr\/index.php?rest_route=\/wp\/v2\/users\/1"}],"replies":[{"embeddable":true,"href":"https:\/\/valentin-dareous.fr\/index.php?rest_route=%2Fwp%2Fv2%2Fcomments&post=8"}],"version-history":[{"count":35,"href":"https:\/\/valentin-dareous.fr\/index.php?rest_route=\/wp\/v2\/pages\/8\/revisions"}],"predecessor-version":[{"id":619,"href":"https:\/\/valentin-dareous.fr\/index.php?rest_route=\/wp\/v2\/pages\/8\/revisions\/619"}],"wp:attachment":[{"href":"https:\/\/valentin-dareous.fr\/index.php?rest_route=%2Fwp%2Fv2%2Fmedia&parent=8"}],"curies":[{"name":"wp","href":"https:\/\/api.w.org\/{rel}","templated":true}]}}